{"id":16,"date":"2015-04-14T10:13:09","date_gmt":"2015-04-14T10:13:09","guid":{"rendered":"https:\/\/xml-io.proteusthemes.com\/cargopress\/?page_id=6"},"modified":"2020-11-19T16:04:46","modified_gmt":"2020-11-19T15:04:46","slug":"home","status":"publish","type":"page","link":"https:\/\/www.cvetko-transporte.de\/","title":{"rendered":"Home"},"content":{"rendered":"<div id=\"pl-16\"  class=\"panel-layout\" ><div id=\"pg-16-0\"  class=\"panel-grid panel-has-style\" ><div class=\"jumbotron-overlap panel-row-style panel-row-style-for-16-0\" ><div id=\"pgc-16-0-0\"  class=\"panel-grid-cell\" ><div id=\"panel-16-0-0-0\" class=\"so-panel widget widget_black-studio-tinymce widget_black_studio_tinymce panel-first-child panel-last-child\" data-index=\"0\" ><div class=\"featured-widget panel-widget-style panel-widget-style-for-16-0-0-0\" ><h3 class=\"widget-title\"><span class=\"widget-title__inline\">Schnell, sicher und zuverl\u00e4ssig<\/span><\/h3><div class=\"textwidget\"><p>Wir sind ein traditionelles Familienunternehmen und f\u00fcr Sie der kompetente Ansprechpartner f\u00fcr Ihre Transporte.<br \/>\nMit unserem modernen Fuhrpark bringen wir ihre G\u00fcter sicher zu Ihren Kunden.<\/p>\n<p>Transporte sind Vertrauenssache und wir sind seit \u00fcber 30 Jahren bem\u00fcht, ihre Auftr\u00e4ge schnell, sicher und zuverl\u00e4ssig auszuf\u00fchren.<\/p>\n<p><a href=\"#\" class=\"read-more\">MORE ABOUT US<\/a><\/p>\n<\/div><\/div><\/div><\/div><div id=\"pgc-16-0-1\"  class=\"panel-grid-cell\" ><div id=\"panel-16-0-1-0\" class=\"so-panel widget widget_pw_featured_page widget-featured-page panel-first-child panel-last-child\" data-index=\"1\" >\n\t<div class=\"page-box  page-box--block\">\n\t\t\t\t\t\t\t\t\t<a class=\"page-box__picture\" href=\"https:\/\/www.cvetko-transporte.de\/?page_id=99\">\n\t\t\t\t\t<img loading=\"lazy\" decoding=\"async\" src=\"https:\/\/www.cvetko-transporte.de\/wp-content\/uploads\/2015\/04\/32-360x240.jpg\" width=\"360\" height=\"240\" srcset=\"https:\/\/www.cvetko-transporte.de\/wp-content\/uploads\/2015\/04\/32-360x240.jpg 360w, https:\/\/www.cvetko-transporte.de\/wp-content\/uploads\/2015\/04\/32.jpg 848w\" sizes=\"auto, (min-width: 992px) 360px, calc(100vw - 30px)\" class=\"wp-post-image\" alt=\"Transportlogistik\">\n\t\t\t\t<\/a>\n\t\t\t\t\t\t\t<div class=\"page-box__content\">\n\t\t\t<h5 class=\"page-box__title text-uppercase\"><a href=\"https:\/\/www.cvetko-transporte.de\/?page_id=99\">Transportlogistik<\/a><\/h5>\n\t\t\t<p>Unser LKW-Service basiert auf dem Prinzip, unseren Kunden die Flexibilit\u00e4t und Zuverl\u00e4ssigkeit zu bieten, um legale Ladungen in der Stadt oder im ganzen Land zu bewegen, wann immer sie wollen. Wir sind davon \u00fcberzeugt, unseren Kunden qualitativ &hellip;<\/p>\n\t\t\t\t\t\t\t<p><a href=\"https:\/\/www.cvetko-transporte.de\/?page_id=99\" class=\"read-more  read-more--page-box\">Mehr lesen<\/a><\/p>\n\t\t\t\t\t<\/div>\n\t<\/div>\n\n<\/div><\/div><div id=\"pgc-16-0-2\"  class=\"panel-grid-cell\" ><div id=\"panel-16-0-2-0\" class=\"so-panel widget widget_pw_featured_page widget-featured-page panel-first-child panel-last-child\" data-index=\"2\" >\n\t<div class=\"page-box  page-box--block\">\n\t\t\t\t\t\t\t\t\t<a class=\"page-box__picture\" href=\"https:\/\/www.cvetko-transporte.de\/?page_id=95\">\n\t\t\t\t\t<img loading=\"lazy\" decoding=\"async\" src=\"https:\/\/www.cvetko-transporte.de\/wp-content\/uploads\/2015\/04\/30-360x240.jpg\" width=\"360\" height=\"240\" srcset=\"https:\/\/www.cvetko-transporte.de\/wp-content\/uploads\/2015\/04\/30-360x240.jpg 360w, https:\/\/www.cvetko-transporte.de\/wp-content\/uploads\/2015\/04\/30.jpg 848w\" sizes=\"auto, (min-width: 992px) 360px, calc(100vw - 30px)\" class=\"wp-post-image\" alt=\"Tiefk\u00fchltransport\">\n\t\t\t\t<\/a>\n\t\t\t\t\t\t\t<div class=\"page-box__content\">\n\t\t\t<h5 class=\"page-box__title text-uppercase\"><a href=\"https:\/\/www.cvetko-transporte.de\/?page_id=95\">Tiefk\u00fchltransport<\/a><\/h5>\n\t\t\t<p>\u00bb Eigene K\u00fchlfahrzeuge (verschiedene Gr\u00f6\u00dfen und Ausstattungen)\n\n\u00bb Weitere Verf\u00fcgbarkeiten \u00fcber festen Unternehmerstamm aus dem Verbund\n\n\u00bb\u00a0Just-in-time-Belieferung\n\n\n&nbsp;<\/p>\n\t\t\t\t\t\t\t<p><a href=\"https:\/\/www.cvetko-transporte.de\/?page_id=95\" class=\"read-more  read-more--page-box\">Mehr lesen<\/a><\/p>\n\t\t\t\t\t<\/div>\n\t<\/div>\n\n<\/div><\/div><div id=\"pgc-16-0-3\"  class=\"panel-grid-cell\" ><div id=\"panel-16-0-3-0\" class=\"so-panel widget widget_pw_featured_page widget-featured-page panel-first-child panel-last-child\" data-index=\"3\" >\n\t<div class=\"page-box  page-box--block\">\n\t\t\t\t\t\t\t\t\t<a class=\"page-box__picture\" href=\"https:\/\/www.cvetko-transporte.de\/?page_id=78\">\n\t\t\t\t\t<img loading=\"lazy\" decoding=\"async\" src=\"https:\/\/www.cvetko-transporte.de\/wp-content\/uploads\/2015\/04\/4-360x240.jpg\" width=\"360\" height=\"240\" srcset=\"https:\/\/www.cvetko-transporte.de\/wp-content\/uploads\/2015\/04\/4-360x240.jpg 360w, https:\/\/www.cvetko-transporte.de\/wp-content\/uploads\/2015\/04\/4.jpg 848w\" sizes=\"auto, (min-width: 992px) 360px, calc(100vw - 30px)\" class=\"wp-post-image\" alt=\"Lagerlogistik\">\n\t\t\t\t<\/a>\n\t\t\t\t\t\t\t<div class=\"page-box__content\">\n\t\t\t<h5 class=\"page-box__title text-uppercase\"><a href=\"https:\/\/www.cvetko-transporte.de\/?page_id=78\">Lagerlogistik<\/a><\/h5>\n\t\t\t<p>Es ist entscheidend, dass Ihre Ware schnell, p\u00fcnktlich und zuverl\u00e4ssig beim Kunden ankommt. Dazu brauchen Sie ein Warenlager und eine zeitgem\u00e4\u00dfe Lagerlogistik.\n\nWir sind stolz darauf, mit unseren umfassenden, zuverl\u00e4ssigen und flexiblen &hellip;<\/p>\n\t\t\t\t\t\t\t<p><a href=\"https:\/\/www.cvetko-transporte.de\/?page_id=78\" class=\"read-more  read-more--page-box\">Mehr lesen<\/a><\/p>\n\t\t\t\t\t<\/div>\n\t<\/div>\n\n<\/div><\/div><\/div><\/div><div id=\"pg-16-1\"  class=\"panel-grid panel-no-style\" ><div id=\"pgc-16-1-0\"  class=\"panel-grid-cell\" ><div id=\"panel-16-1-0-0\" class=\"so-panel widget widget_black-studio-tinymce widget_black_studio_tinymce panel-first-child panel-last-child\" data-index=\"4\" ><div class=\"widget-title--big panel-widget-style panel-widget-style-for-16-1-0-0\" ><h3 class=\"widget-title\"><span class=\"widget-title__inline\">Unsere Service<\/span><\/h3><div class=\"textwidget\"><\/div><\/div><\/div><\/div><\/div><div id=\"pg-16-2\"  class=\"panel-grid panel-no-style\" ><div id=\"pgc-16-2-0\"  class=\"panel-grid-cell\" ><div id=\"panel-16-2-0-0\" class=\"so-panel widget widget_pw_icon_box widget-icon-box panel-first-child\" data-index=\"5\" >\n\t\t\t<div class=\"icon-box\">\n\t\n\t\t<i class=\"fa  fa-truck  fa-3x\"><\/i>\n\t\t<div class=\"icon-box__text\">\n\t\t\t<h4 class=\"icon-box__title\">Transport und Logistik<\/h4>\n\t\t\t<span class=\"icon-box__subtitle\">Viele Unternehmen verlassen sich auf unsere Kompetenzen und \u00fcbertragen uns ihre Logistik-Aufgaben. So k\u00f6nnen sie sich voll und ganz auf ihre Kernt\u00e4tigkeiten konzentrieren.<\/span>\n\t\t<\/div>\n\n\t\t\t<\/div>\n\t\n<\/div><div id=\"panel-16-2-0-1\" class=\"so-panel widget widget_pw_icon_box widget-icon-box panel-last-child\" data-index=\"6\" >\n\t\t\t<div class=\"icon-box\">\n\t\n\t\t<i class=\"fa  fa-truck  fa-3x\"><\/i>\n\t\t<div class=\"icon-box__text\">\n\t\t\t<h4 class=\"icon-box__title\">Lagerung und Umschlag<\/h4>\n\t\t\t<span class=\"icon-box__subtitle\">Wir Lagern und Kommissionieren Ihre Waren schnell und zuverl\u00e4ssig!                                                                                                                                           <\/span>\n\t\t<\/div>\n\n\t\t\t<\/div>\n\t\n<\/div><\/div><div id=\"pgc-16-2-1\"  class=\"panel-grid-cell\" ><div id=\"panel-16-2-1-0\" class=\"so-panel widget widget_pw_icon_box widget-icon-box panel-first-child\" data-index=\"7\" >\n\t\t\t<div class=\"icon-box\">\n\t\n\t\t<i class=\"fa  fa-truck  fa-3x\"><\/i>\n\t\t<div class=\"icon-box__text\">\n\t\t\t<h4 class=\"icon-box__title\">Tiefk\u00fchlltransport<\/h4>\n\t\t\t<span class=\"icon-box__subtitle\">Tiefk\u00fchltransporte Ununterbrochene K\u00fchlkette Ihrer Tiefk\u00fchlfracht mit dem in unserem Thermotrailer verbauten K\u00fchlaggregat.<\/span>\n\t\t<\/div>\n\n\t\t\t<\/div>\n\t\n<\/div><div id=\"panel-16-2-1-1\" class=\"so-panel widget widget_pw_icon_box widget-icon-box panel-last-child\" data-index=\"8\" >\n\t\t\t<div class=\"icon-box\">\n\t\n\t\t<i class=\"fa  fa-truck  fa-3x\"><\/i>\n\t\t<div class=\"icon-box__text\">\n\t\t\t<h4 class=\"icon-box__title\">LKW-Waschanlage<\/h4>\n\t\t\t<span class=\"icon-box__subtitle\">Egal ob LKW, Transporter oder Bus \u2013 unsere moderne LKW-Waschanlage sorgt f\u00fcr rundum gepflegte und saubere Fahrzeuge.<\/span>\n\t\t<\/div>\n\n\t\t\t<\/div>\n\t\n<\/div><\/div><\/div><div id=\"pg-16-3\"  class=\"panel-grid panel-no-style\" ><div id=\"pgc-16-3-0\"  class=\"panel-grid-cell\" ><div id=\"panel-16-3-0-0\" class=\"so-panel widget widget_black-studio-tinymce widget_black_studio_tinymce panel-first-child panel-last-child\" data-index=\"9\" ><h3 class=\"widget-title\"><span class=\"widget-title__inline\">Unser Firmengl\u00e4nde<\/span><\/h3><div class=\"textwidget\"><div class=\"wp-playlist wp-video-playlist wp-playlist-light\">\n\t\t<video controls=\"controls\" preload=\"none\" width=\"1118\"\n\t\t height=\"629\"\t><\/video>\n\t<div class=\"wp-playlist-next\"><\/div>\n\t<div class=\"wp-playlist-prev\"><\/div>\n\t<noscript>\n\t<ol>\n\t\t<li><a href='https:\/\/www.cvetko-transporte.de\/wp-content\/uploads\/2020\/02\/YUN00047.mp4'>YUN00047<\/a><\/li><li><a href='https:\/\/www.cvetko-transporte.de\/wp-content\/uploads\/2020\/02\/YUN00044.mp4'>YUN00044<\/a><\/li><li><a href='https:\/\/www.cvetko-transporte.de\/wp-content\/uploads\/2020\/02\/YUN00041.mp4'>YUN00041<\/a><\/li><li><a href='https:\/\/www.cvetko-transporte.de\/wp-content\/uploads\/2020\/02\/YUN00027.mp4'>YUN00027<\/a><\/li><li><a href='https:\/\/www.cvetko-transporte.de\/wp-content\/uploads\/2020\/02\/YUN00025.mp4'>YUN00025<\/a><\/li><li><a href='https:\/\/www.cvetko-transporte.de\/wp-content\/uploads\/2020\/02\/YUN00016.mp4'>YUN00016<\/a><\/li>\t<\/ol>\n\t<\/noscript>\n\t<script type=\"application\/json\" class=\"wp-playlist-script\">{\"type\":\"video\",\"tracklist\":false,\"tracknumbers\":true,\"images\":true,\"artists\":true,\"tracks\":[{\"src\":\"https:\/\/www.cvetko-transporte.de\/wp-content\/uploads\/2020\/02\/YUN00047.mp4\",\"type\":\"video\/mp4\",\"title\":\"YUN00047\",\"caption\":\"\",\"description\":\"\",\"meta\":{\"length_formatted\":\"0:07\"},\"dimensions\":{\"original\":{\"width\":3840,\"height\":2160},\"resized\":{\"width\":1118,\"height\":629}},\"image\":{\"src\":\"https:\/\/www.cvetko-transporte.de\/wp-includes\/images\/media\/video.svg\",\"width\":48,\"height\":64},\"thumb\":{\"src\":\"https:\/\/www.cvetko-transporte.de\/wp-includes\/images\/media\/video.svg\",\"width\":48,\"height\":64}},{\"src\":\"https:\/\/www.cvetko-transporte.de\/wp-content\/uploads\/2020\/02\/YUN00044.mp4\",\"type\":\"video\/mp4\",\"title\":\"YUN00044\",\"caption\":\"\",\"description\":\"\",\"meta\":{\"length_formatted\":\"0:38\"},\"dimensions\":{\"original\":{\"width\":3840,\"height\":2160},\"resized\":{\"width\":1118,\"height\":629}},\"image\":{\"src\":\"https:\/\/www.cvetko-transporte.de\/wp-includes\/images\/media\/video.svg\",\"width\":48,\"height\":64},\"thumb\":{\"src\":\"https:\/\/www.cvetko-transporte.de\/wp-includes\/images\/media\/video.svg\",\"width\":48,\"height\":64}},{\"src\":\"https:\/\/www.cvetko-transporte.de\/wp-content\/uploads\/2020\/02\/YUN00041.mp4\",\"type\":\"video\/mp4\",\"title\":\"YUN00041\",\"caption\":\"\",\"description\":\"\",\"meta\":{\"length_formatted\":\"0:14\"},\"dimensions\":{\"original\":{\"width\":3840,\"height\":2160},\"resized\":{\"width\":1118,\"height\":629}},\"image\":{\"src\":\"https:\/\/www.cvetko-transporte.de\/wp-includes\/images\/media\/video.svg\",\"width\":48,\"height\":64},\"thumb\":{\"src\":\"https:\/\/www.cvetko-transporte.de\/wp-includes\/images\/media\/video.svg\",\"width\":48,\"height\":64}},{\"src\":\"https:\/\/www.cvetko-transporte.de\/wp-content\/uploads\/2020\/02\/YUN00027.mp4\",\"type\":\"video\/mp4\",\"title\":\"YUN00027\",\"caption\":\"\",\"description\":\"\",\"meta\":{\"length_formatted\":\"0:39\"},\"dimensions\":{\"original\":{\"width\":3840,\"height\":2160},\"resized\":{\"width\":1118,\"height\":629}},\"image\":{\"src\":\"https:\/\/www.cvetko-transporte.de\/wp-includes\/images\/media\/video.svg\",\"width\":48,\"height\":64},\"thumb\":{\"src\":\"https:\/\/www.cvetko-transporte.de\/wp-includes\/images\/media\/video.svg\",\"width\":48,\"height\":64}},{\"src\":\"https:\/\/www.cvetko-transporte.de\/wp-content\/uploads\/2020\/02\/YUN00025.mp4\",\"type\":\"video\/mp4\",\"title\":\"YUN00025\",\"caption\":\"\",\"description\":\"\",\"meta\":{\"length_formatted\":\"0:23\"},\"dimensions\":{\"original\":{\"width\":3840,\"height\":2160},\"resized\":{\"width\":1118,\"height\":629}},\"image\":{\"src\":\"https:\/\/www.cvetko-transporte.de\/wp-includes\/images\/media\/video.svg\",\"width\":48,\"height\":64},\"thumb\":{\"src\":\"https:\/\/www.cvetko-transporte.de\/wp-includes\/images\/media\/video.svg\",\"width\":48,\"height\":64}},{\"src\":\"https:\/\/www.cvetko-transporte.de\/wp-content\/uploads\/2020\/02\/YUN00016.mp4\",\"type\":\"video\/mp4\",\"title\":\"YUN00016\",\"caption\":\"\",\"description\":\"\",\"meta\":{\"length_formatted\":\"0:12\"},\"dimensions\":{\"original\":{\"width\":3840,\"height\":2160},\"resized\":{\"width\":1118,\"height\":629}},\"image\":{\"src\":\"https:\/\/www.cvetko-transporte.de\/wp-includes\/images\/media\/video.svg\",\"width\":48,\"height\":64},\"thumb\":{\"src\":\"https:\/\/www.cvetko-transporte.de\/wp-includes\/images\/media\/video.svg\",\"width\":48,\"height\":64}}]}<\/script>\n<\/div>\n\t<\/div><\/div><\/div><div id=\"pgc-16-3-1\"  class=\"panel-grid-cell\" ><div id=\"panel-16-3-1-0\" class=\"so-panel widget widget_media_gallery panel-first-child panel-last-child\" data-index=\"10\" ><h3 class=\"widget-title\"><span class=\"widget-title__inline\">Galerie<\/span><\/h3><div id='gallery-1' class='gallery galleryid-16 gallery-columns-4 gallery-size-thumbnail'><figure class='gallery-item'>\n\t\t\t<div class='gallery-icon landscape'>\n\t\t\t\t<a href='https:\/\/www.cvetko-transporte.de\/?attachment_id=1484'><img loading=\"lazy\" decoding=\"async\" width=\"150\" height=\"150\" src=\"https:\/\/www.cvetko-transporte.de\/wp-content\/uploads\/2020\/02\/YUN00046-150x150.jpg\" class=\"attachment-thumbnail size-thumbnail\" alt=\"\" \/><\/a>\n\t\t\t<\/div><\/figure><figure class='gallery-item'>\n\t\t\t<div class='gallery-icon landscape'>\n\t\t\t\t<a href='https:\/\/www.cvetko-transporte.de\/?attachment_id=1474'><img loading=\"lazy\" decoding=\"async\" width=\"150\" height=\"150\" src=\"https:\/\/www.cvetko-transporte.de\/wp-content\/uploads\/2020\/02\/YUN00034-150x150.jpg\" class=\"attachment-thumbnail size-thumbnail\" alt=\"\" \/><\/a>\n\t\t\t<\/div><\/figure><figure class='gallery-item'>\n\t\t\t<div class='gallery-icon portrait'>\n\t\t\t\t<a href='https:\/\/www.cvetko-transporte.de\/?attachment_id=1257'><img loading=\"lazy\" decoding=\"async\" width=\"150\" height=\"150\" src=\"https:\/\/www.cvetko-transporte.de\/wp-content\/uploads\/2020\/02\/MG_0774-150x150.jpg\" class=\"attachment-thumbnail size-thumbnail\" alt=\"\" \/><\/a>\n\t\t\t<\/div><\/figure><figure class='gallery-item'>\n\t\t\t<div class='gallery-icon landscape'>\n\t\t\t\t<a href='https:\/\/www.cvetko-transporte.de\/?attachment_id=1228'><img loading=\"lazy\" decoding=\"async\" width=\"150\" height=\"150\" src=\"https:\/\/www.cvetko-transporte.de\/wp-content\/uploads\/2020\/02\/MG_0733-150x150.jpg\" class=\"attachment-thumbnail size-thumbnail\" alt=\"\" \/><\/a>\n\t\t\t<\/div><\/figure><figure class='gallery-item'>\n\t\t\t<div class='gallery-icon portrait'>\n\t\t\t\t<a href='https:\/\/www.cvetko-transporte.de\/?attachment_id=1220'><img loading=\"lazy\" decoding=\"async\" width=\"150\" height=\"150\" src=\"https:\/\/www.cvetko-transporte.de\/wp-content\/uploads\/2020\/02\/MG_0725-150x150.jpg\" class=\"attachment-thumbnail size-thumbnail\" alt=\"\" \/><\/a>\n\t\t\t<\/div><\/figure><figure class='gallery-item'>\n\t\t\t<div class='gallery-icon portrait'>\n\t\t\t\t<a href='https:\/\/www.cvetko-transporte.de\/?attachment_id=1222'><img loading=\"lazy\" decoding=\"async\" width=\"150\" height=\"150\" src=\"https:\/\/www.cvetko-transporte.de\/wp-content\/uploads\/2020\/02\/MG_0727-150x150.jpg\" class=\"attachment-thumbnail size-thumbnail\" alt=\"\" \/><\/a>\n\t\t\t<\/div><\/figure><figure class='gallery-item'>\n\t\t\t<div class='gallery-icon landscape'>\n\t\t\t\t<a href='https:\/\/www.cvetko-transporte.de\/?attachment_id=839'><img loading=\"lazy\" decoding=\"async\" width=\"150\" height=\"150\" src=\"https:\/\/www.cvetko-transporte.de\/wp-content\/uploads\/2019\/12\/YUN00013-150x150.jpg\" class=\"attachment-thumbnail size-thumbnail\" alt=\"\" \/><\/a>\n\t\t\t<\/div><\/figure><figure class='gallery-item'>\n\t\t\t<div class='gallery-icon landscape'>\n\t\t\t\t<a href='https:\/\/www.cvetko-transporte.de\/?attachment_id=750'><img loading=\"lazy\" decoding=\"async\" width=\"150\" height=\"150\" src=\"https:\/\/www.cvetko-transporte.de\/wp-content\/uploads\/2019\/11\/MG_0830-Bearbeitet-150x150.jpg\" class=\"attachment-thumbnail size-thumbnail\" alt=\"\" srcset=\"https:\/\/www.cvetko-transporte.de\/wp-content\/uploads\/2019\/11\/MG_0830-Bearbeitet-150x150.jpg 150w, https:\/\/www.cvetko-transporte.de\/wp-content\/uploads\/2019\/11\/MG_0830-Bearbeitet-300x300.jpg 300w, https:\/\/www.cvetko-transporte.de\/wp-content\/uploads\/2019\/11\/MG_0830-Bearbeitet-100x100.jpg 100w\" sizes=\"auto, (max-width: 150px) 100vw, 150px\" \/><\/a>\n\t\t\t<\/div><\/figure>\n\t\t<\/div>\n<\/div><\/div><\/div><\/div>","protected":false},"excerpt":{"rendered":"<p>Wir sind ein traditionelles Familienunternehmen und f\u00fcr Sie der kompetente Ansprechpartner f\u00fcr Ihre Transporte. Mit unserem modernen Fuhrpark bringen wir ihre G\u00fcter sicher zu Ihren Kunden. Transporte sind Vertrauenssache und wir sind seit \u00fcber 30 Jahren bem\u00fcht, ihre Auftr\u00e4ge schnell, sicher und zuverl\u00e4ssig auszuf\u00fchren. MORE ABOUT US<\/p>\n","protected":false},"author":1,"featured_media":0,"parent":0,"menu_order":0,"comment_status":"closed","ping_status":"open","template":"template-front-page-slider.php","meta":{"footnotes":""},"class_list":["post-16","page","type-page","status-publish","hentry"],"acf":[],"_links":{"self":[{"href":"https:\/\/www.cvetko-transporte.de\/index.php?rest_route=\/wp\/v2\/pages\/16","targetHints":{"allow":["GET"]}}],"collection":[{"href":"https:\/\/www.cvetko-transporte.de\/index.php?rest_route=\/wp\/v2\/pages"}],"about":[{"href":"https:\/\/www.cvetko-transporte.de\/index.php?rest_route=\/wp\/v2\/types\/page"}],"author":[{"embeddable":true,"href":"https:\/\/www.cvetko-transporte.de\/index.php?rest_route=\/wp\/v2\/users\/1"}],"replies":[{"embeddable":true,"href":"https:\/\/www.cvetko-transporte.de\/index.php?rest_route=%2Fwp%2Fv2%2Fcomments&post=16"}],"version-history":[{"count":210,"href":"https:\/\/www.cvetko-transporte.de\/index.php?rest_route=\/wp\/v2\/pages\/16\/revisions"}],"predecessor-version":[{"id":1948,"href":"https:\/\/www.cvetko-transporte.de\/index.php?rest_route=\/wp\/v2\/pages\/16\/revisions\/1948"}],"wp:attachment":[{"href":"https:\/\/www.cvetko-transporte.de\/index.php?rest_route=%2Fwp%2Fv2%2Fmedia&parent=16"}],"curies":[{"name":"wp","href":"https:\/\/api.w.org\/{rel}","templated":true}]}}