{"id":232,"date":"2015-05-07T13:27:36","date_gmt":"2015-05-07T11:27:36","guid":{"rendered":"https:\/\/xml-io.proteusthemes.com\/cargopress\/?page_id=232"},"modified":"2020-11-19T10:49:39","modified_gmt":"2020-11-19T09:49:39","slug":"about-us","status":"publish","type":"page","link":"https:\/\/www.cvetko-transporte.de\/?page_id=232","title":{"rendered":"\u00dcber uns"},"content":{"rendered":"<div id=\"pl-232\"  class=\"panel-layout\" ><div id=\"pg-232-0\"  class=\"panel-grid panel-no-style\" ><div id=\"pgc-232-0-0\"  class=\"panel-grid-cell\" ><div id=\"panel-232-0-0-0\" class=\"so-panel widget widget_black-studio-tinymce widget_black_studio_tinymce panel-first-child panel-last-child\" data-index=\"0\" ><div class=\"textwidget\"><p>Wir sind stolz darauf, als einer der zuverl\u00e4ssigsten und kosteng\u00fcnstigsten Logistik- und Lagerdienstleister angesehen zu werden. Als Logistikdienstleister von Drittanbietern zeichnen wir uns durch eine Reihe von Logistikdienstleistungen aus, zu denen Speditionsdienstleistungen, Lagerdienstleistungen, Logistikdienstleistungen und eine Reihe anderer Nebendienstleistungen geh\u00f6ren. Wir verf\u00fcgen \u00fcber langj\u00e4hrige Erfahrung in den Bereichen Logistik, Lagerung, Vertrieb, Spedition und Lieferkettenmanagement und m\u00f6chten unseren Kunden mit unseren erstklassigen Logistikdienstleistungen Komfort, Zuverl\u00e4ssigkeit und Erschwinglichkeit bieten.<\/p>\n<p>Unser Expertenteam auf allen Ebenen unserer Dienstleistungen verf\u00fcgt \u00fcber jahrelange Erfahrung, was die Glaubw\u00fcrdigkeit einer kompetenten Belegschaft erh\u00f6ht. Dies hilft uns auch dabei, die Reaktionszeit zu verk\u00fcrzen und jederzeit p\u00fcnktliche Lieferungen und Dienstleistungen zu erbringen, egal ob es sich um LKW- oder Lagerdienstleistungen handelt. Unser Ziel ist es, durch unsere Dienstleistungen einen positiven Unterschied in Ihrem Gesch\u00e4ft zu bewirken und eine langfristige Beziehung zu Ihnen aufzubauen. Unser Engagement f\u00fcr unsere Kunden zeigt sich darin, dass wir von Zeit zu Zeit viel Wert auf Teamarbeit, Kundendienstleistungen und technologische Verbesserungen in unserem Logistikprozess und unserer Ausr\u00fcstung legen.<\/p>\n<p>Unsere Erfahrung in allen Bereichen, in denen wir t\u00e4tig sind, und unser Leistungsspektrum machen uns zu einem der umfassendsten Logistikdienstleister des Landes. Und mit Hilfe der kontinuierlichen Unterst\u00fctzung und des Vertrauens unserer Kunden wollen wir dem\u00fctig an der Spitze des Spiels bleiben. Unsere ausgekl\u00fcgelten Systeme, \u00fcbersichtlich gestalteten Logistikprozesse, modernsten logistischen Tools und Ausr\u00fcstungen, modernsten Spediteure, ma\u00dfgeschneiderten Services und das Engagement, die Kosten f\u00fcr Endbenutzer niedrig zu halten, helfen uns, eine Logistikl\u00f6sung bereitzustellen, die sich gut an die Anforderungen unserer Kunden anpasst. Anforderungen. Wir begr\u00fc\u00dfen Sie auf unserer Website und bitten Sie, sich mit unseren Logistikexperten in Verbindung zu setzen, um Ihre logistischen Anforderungen zu erf\u00fcllen.<\/p>\n<\/div><\/div><\/div><div id=\"pgc-232-0-1\"  class=\"panel-grid-cell\" ><div id=\"panel-232-0-1-0\" class=\"so-panel widget widget_black-studio-tinymce widget_black_studio_tinymce panel-first-child panel-last-child\" data-index=\"1\" ><div class=\"textwidget\"><p><img loading=\"lazy\" decoding=\"async\" class=\"alignnone wp-image-887 size-large\" src=\"https:\/\/www.cvetko-transporte.de\/wp-content\/uploads\/2019\/12\/YUN00042-1-1024x576.jpg\" alt=\"\" width=\"1024\" height=\"576\" srcset=\"https:\/\/www.cvetko-transporte.de\/wp-content\/uploads\/2019\/12\/YUN00042-1-1024x576.jpg 1024w, https:\/\/www.cvetko-transporte.de\/wp-content\/uploads\/2019\/12\/YUN00042-1-300x169.jpg 300w, https:\/\/www.cvetko-transporte.de\/wp-content\/uploads\/2019\/12\/YUN00042-1-768x432.jpg 768w, https:\/\/www.cvetko-transporte.de\/wp-content\/uploads\/2019\/12\/YUN00042-1-1536x864.jpg 1536w, https:\/\/www.cvetko-transporte.de\/wp-content\/uploads\/2019\/12\/YUN00042-1-2048x1152.jpg 2048w, https:\/\/www.cvetko-transporte.de\/wp-content\/uploads\/2019\/12\/YUN00042-1-360x204.jpg 360w\" sizes=\"auto, (max-width: 1024px) 100vw, 1024px\" \/><\/p>\n<p><img loading=\"lazy\" decoding=\"async\" class=\"alignnone wp-image-865 size-large\" src=\"https:\/\/www.cvetko-transporte.de\/wp-content\/uploads\/2019\/12\/YUN00045-1-1024x576.jpg\" alt=\"\" width=\"1024\" height=\"576\" srcset=\"https:\/\/www.cvetko-transporte.de\/wp-content\/uploads\/2019\/12\/YUN00045-1-1024x576.jpg 1024w, https:\/\/www.cvetko-transporte.de\/wp-content\/uploads\/2019\/12\/YUN00045-1-300x169.jpg 300w, https:\/\/www.cvetko-transporte.de\/wp-content\/uploads\/2019\/12\/YUN00045-1-768x432.jpg 768w, https:\/\/www.cvetko-transporte.de\/wp-content\/uploads\/2019\/12\/YUN00045-1-1536x864.jpg 1536w, https:\/\/www.cvetko-transporte.de\/wp-content\/uploads\/2019\/12\/YUN00045-1-2048x1152.jpg 2048w, https:\/\/www.cvetko-transporte.de\/wp-content\/uploads\/2019\/12\/YUN00045-1-360x204.jpg 360w\" sizes=\"auto, (max-width: 1024px) 100vw, 1024px\" \/><\/p>\n<\/div><\/div><\/div><\/div><div id=\"pg-232-1\"  class=\"panel-grid panel-no-style\" ><div id=\"pgc-232-1-0\"  class=\"panel-grid-cell\" ><div id=\"panel-232-1-0-0\" class=\"so-panel widget widget_black-studio-tinymce widget_black_studio_tinymce panel-first-child panel-last-child\" data-index=\"2\" ><div class=\"textwidget\"><h3 style=\"text-align: left;\"><img loading=\"lazy\" decoding=\"async\" class=\"wp-image-883 size-medium aligncenter\" src=\"https:\/\/www.cvetko-transporte.de\/wp-content\/uploads\/2019\/12\/MG_0954-200x300.jpg\" alt=\"\" width=\"200\" height=\"300\" srcset=\"https:\/\/www.cvetko-transporte.de\/wp-content\/uploads\/2019\/12\/MG_0954-200x300.jpg 200w, https:\/\/www.cvetko-transporte.de\/wp-content\/uploads\/2019\/12\/MG_0954-683x1024.jpg 683w, https:\/\/www.cvetko-transporte.de\/wp-content\/uploads\/2019\/12\/MG_0954-768x1152.jpg 768w, https:\/\/www.cvetko-transporte.de\/wp-content\/uploads\/2019\/12\/MG_0954-1024x1536.jpg 1024w, https:\/\/www.cvetko-transporte.de\/wp-content\/uploads\/2019\/12\/MG_0954-1365x2048.jpg 1365w, https:\/\/www.cvetko-transporte.de\/wp-content\/uploads\/2019\/12\/MG_0954-scaled.jpg 1707w\" sizes=\"auto, (max-width: 200px) 100vw, 200px\" \/><\/h3>\n<h3 style=\"text-align: center;\">Werner Cvetko<\/h3>\n<\/div><\/div><\/div><div id=\"pgc-232-1-1\"  class=\"panel-grid-cell\" ><div id=\"panel-232-1-1-0\" class=\"so-panel widget widget_black-studio-tinymce widget_black_studio_tinymce panel-first-child panel-last-child\" data-index=\"3\" ><div class=\"textwidget\"><h3 style=\"text-align: left;\"><img loading=\"lazy\" decoding=\"async\" class=\"wp-image-792 size-medium aligncenter\" src=\"https:\/\/www.cvetko-transporte.de\/wp-content\/uploads\/2019\/11\/MG_0959-200x300.jpg\" alt=\"\" width=\"200\" height=\"300\" srcset=\"https:\/\/www.cvetko-transporte.de\/wp-content\/uploads\/2019\/11\/MG_0959-200x300.jpg 200w, https:\/\/www.cvetko-transporte.de\/wp-content\/uploads\/2019\/11\/MG_0959-683x1024.jpg 683w, https:\/\/www.cvetko-transporte.de\/wp-content\/uploads\/2019\/11\/MG_0959-768x1152.jpg 768w, https:\/\/www.cvetko-transporte.de\/wp-content\/uploads\/2019\/11\/MG_0959-1024x1536.jpg 1024w, https:\/\/www.cvetko-transporte.de\/wp-content\/uploads\/2019\/11\/MG_0959-1365x2048.jpg 1365w, https:\/\/www.cvetko-transporte.de\/wp-content\/uploads\/2019\/11\/MG_0959-scaled.jpg 1707w\" sizes=\"auto, (max-width: 200px) 100vw, 200px\" \/><\/h3>\n<h3 style=\"text-align: center;\">Patrick Cvetko<\/h3>\n<\/div><\/div><\/div><\/div><\/div>","protected":false},"excerpt":{"rendered":"<p>Wir sind stolz darauf, als einer der zuverl\u00e4ssigsten und kosteng\u00fcnstigsten Logistik- und Lagerdienstleister angesehen zu werden. Als Logistikdienstleister von Drittanbietern zeichnen wir uns durch eine Reihe von Logistikdienstleistungen aus, zu denen Speditionsdienstleistungen, Lagerdienstleistungen, Logistikdienstleistungen und eine Reihe anderer Nebendienstleistungen geh\u00f6ren. Wir verf\u00fcgen \u00fcber langj\u00e4hrige Erfahrung in den Bereichen Logistik, Lagerung, Vertrieb, Spedition und Lieferkettenmanagement und &hellip;<\/p>\n","protected":false},"author":1,"featured_media":0,"parent":0,"menu_order":0,"comment_status":"closed","ping_status":"closed","template":"","meta":{"footnotes":""},"class_list":["post-232","page","type-page","status-publish","hentry"],"acf":[],"_links":{"self":[{"href":"https:\/\/www.cvetko-transporte.de\/index.php?rest_route=\/wp\/v2\/pages\/232","targetHints":{"allow":["GET"]}}],"collection":[{"href":"https:\/\/www.cvetko-transporte.de\/index.php?rest_route=\/wp\/v2\/pages"}],"about":[{"href":"https:\/\/www.cvetko-transporte.de\/index.php?rest_route=\/wp\/v2\/types\/page"}],"author":[{"embeddable":true,"href":"https:\/\/www.cvetko-transporte.de\/index.php?rest_route=\/wp\/v2\/users\/1"}],"replies":[{"embeddable":true,"href":"https:\/\/www.cvetko-transporte.de\/index.php?rest_route=%2Fwp%2Fv2%2Fcomments&post=232"}],"version-history":[{"count":28,"href":"https:\/\/www.cvetko-transporte.de\/index.php?rest_route=\/wp\/v2\/pages\/232\/revisions"}],"predecessor-version":[{"id":1934,"href":"https:\/\/www.cvetko-transporte.de\/index.php?rest_route=\/wp\/v2\/pages\/232\/revisions\/1934"}],"wp:attachment":[{"href":"https:\/\/www.cvetko-transporte.de\/index.php?rest_route=%2Fwp%2Fv2%2Fmedia&parent=232"}],"curies":[{"name":"wp","href":"https:\/\/api.w.org\/{rel}","templated":true}]}}