{"id":76,"date":"2015-04-23T11:04:51","date_gmt":"2015-04-23T11:04:51","guid":{"rendered":"https:\/\/xml-io.proteusthemes.com\/cargopress\/?page_id=76"},"modified":"2020-11-17T18:02:47","modified_gmt":"2020-11-17T17:02:47","slug":"services","status":"publish","type":"page","link":"https:\/\/www.cvetko-transporte.de\/?page_id=76","title":{"rendered":"Services"},"content":{"rendered":"<div id=\"pl-76\"  class=\"panel-layout\" ><div id=\"pg-76-0\"  class=\"panel-grid panel-no-style\" ><div id=\"pgc-76-0-0\"  class=\"panel-grid-cell\" ><div id=\"panel-76-0-0-0\" class=\"so-panel widget widget_pw_featured_page widget-featured-page panel-first-child panel-last-child\" data-index=\"0\" >\n\t<div class=\"page-box  page-box--block\">\n\t\t\t\t\t\t\t\t\t<a class=\"page-box__picture\" href=\"https:\/\/www.cvetko-transporte.de\/?page_id=99\">\n\t\t\t\t\t<img loading=\"lazy\" decoding=\"async\" src=\"https:\/\/www.cvetko-transporte.de\/wp-content\/uploads\/2015\/04\/32-360x240.jpg\" width=\"360\" height=\"240\" srcset=\"https:\/\/www.cvetko-transporte.de\/wp-content\/uploads\/2015\/04\/32-360x240.jpg 360w, https:\/\/www.cvetko-transporte.de\/wp-content\/uploads\/2015\/04\/32.jpg 848w\" sizes=\"auto, (min-width: 992px) 360px, calc(100vw - 30px)\" class=\"wp-post-image\" alt=\"Transportlogistik\">\n\t\t\t\t<\/a>\n\t\t\t\t\t\t\t<div class=\"page-box__content\">\n\t\t\t<h5 class=\"page-box__title text-uppercase\"><a href=\"https:\/\/www.cvetko-transporte.de\/?page_id=99\">Transportlogistik<\/a><\/h5>\n\t\t\t<p>Unser LKW-Service basiert auf dem Prinzip, unseren Kunden die Flexibilit\u00e4t und Zuverl\u00e4ssigkeit zu bieten, um legale Ladungen in der Stadt oder im ganzen Land zu bewegen, wann immer sie wollen. Wir sind davon \u00fcberzeugt, unseren Kunden qualitativ &hellip;<\/p>\n\t\t\t\t\t\t\t<p><a href=\"https:\/\/www.cvetko-transporte.de\/?page_id=99\" class=\"read-more  read-more--page-box\">Mehr lesen<\/a><\/p>\n\t\t\t\t\t<\/div>\n\t<\/div>\n\n<\/div><\/div><div id=\"pgc-76-0-1\"  class=\"panel-grid-cell\" ><div id=\"panel-76-0-1-0\" class=\"so-panel widget widget_pw_featured_page widget-featured-page panel-first-child panel-last-child\" data-index=\"1\" >\n\t<div class=\"page-box  page-box--block\">\n\t\t\t\t\t\t\t\t\t<a class=\"page-box__picture\" href=\"https:\/\/www.cvetko-transporte.de\/?page_id=95\">\n\t\t\t\t\t<img loading=\"lazy\" decoding=\"async\" src=\"https:\/\/www.cvetko-transporte.de\/wp-content\/uploads\/2015\/04\/30-360x240.jpg\" width=\"360\" height=\"240\" srcset=\"https:\/\/www.cvetko-transporte.de\/wp-content\/uploads\/2015\/04\/30-360x240.jpg 360w, https:\/\/www.cvetko-transporte.de\/wp-content\/uploads\/2015\/04\/30.jpg 848w\" sizes=\"auto, (min-width: 992px) 360px, calc(100vw - 30px)\" class=\"wp-post-image\" alt=\"Tiefk\u00fchltransport\">\n\t\t\t\t<\/a>\n\t\t\t\t\t\t\t<div class=\"page-box__content\">\n\t\t\t<h5 class=\"page-box__title text-uppercase\"><a href=\"https:\/\/www.cvetko-transporte.de\/?page_id=95\">Tiefk\u00fchltransport<\/a><\/h5>\n\t\t\t<p>\u00bb Eigene K\u00fchlfahrzeuge (verschiedene Gr\u00f6\u00dfen und Ausstattungen)\n\n\u00bb Weitere Verf\u00fcgbarkeiten \u00fcber festen Unternehmerstamm aus dem Verbund\n\n\u00bb\u00a0Just-in-time-Belieferung\n\n\n&nbsp;<\/p>\n\t\t\t\t\t\t\t<p><a href=\"https:\/\/www.cvetko-transporte.de\/?page_id=95\" class=\"read-more  read-more--page-box\">Mehr lesen<\/a><\/p>\n\t\t\t\t\t<\/div>\n\t<\/div>\n\n<\/div><\/div><\/div><div id=\"pg-76-1\"  class=\"panel-grid panel-no-style\" ><div id=\"pgc-76-1-0\"  class=\"panel-grid-cell\" ><div id=\"panel-76-1-0-0\" class=\"so-panel widget widget_pw_featured_page widget-featured-page panel-first-child panel-last-child\" data-index=\"2\" >\n\t<div class=\"page-box  page-box--block\">\n\t\t\t\t\t\t\t\t\t<a class=\"page-box__picture\" href=\"https:\/\/www.cvetko-transporte.de\/?page_id=101\">\n\t\t\t\t\t<img loading=\"lazy\" decoding=\"async\" src=\"https:\/\/www.cvetko-transporte.de\/wp-content\/uploads\/2015\/04\/17-360x240.jpg\" width=\"360\" height=\"240\" srcset=\"https:\/\/www.cvetko-transporte.de\/wp-content\/uploads\/2015\/04\/17-360x240.jpg 360w, https:\/\/www.cvetko-transporte.de\/wp-content\/uploads\/2015\/04\/17.jpg 848w\" sizes=\"auto, (min-width: 992px) 360px, calc(100vw - 30px)\" class=\"wp-post-image\" alt=\"LKW-Waschanlage\">\n\t\t\t\t<\/a>\n\t\t\t\t\t\t\t<div class=\"page-box__content\">\n\t\t\t<h5 class=\"page-box__title text-uppercase\"><a href=\"https:\/\/www.cvetko-transporte.de\/?page_id=101\">LKW-Waschanlage<\/a><\/h5>\n\t\t\t<p>In der Lkw-Waschanlage von Cvetko Werner Transport &amp; Logistik wird Ihr Fahrzeug optimal gepflegt.\n\nSie finden unsere Lkw-Waschanlage direkt an der B12, N\u00e4he Simbach im Landkreis Rottal-Inn in Niederbayern.\n\nNutzen Sie die Profi-Pflege von &hellip;<\/p>\n\t\t\t\t\t\t\t<p><a href=\"https:\/\/www.cvetko-transporte.de\/?page_id=101\" class=\"read-more  read-more--page-box\">Mehr lesen<\/a><\/p>\n\t\t\t\t\t<\/div>\n\t<\/div>\n\n<\/div><\/div><div id=\"pgc-76-1-1\"  class=\"panel-grid-cell\" ><div id=\"panel-76-1-1-0\" class=\"so-panel widget widget_pw_featured_page widget-featured-page panel-first-child panel-last-child\" data-index=\"3\" >\n\t<div class=\"page-box  page-box--block\">\n\t\t\t\t\t\t\t\t\t<a class=\"page-box__picture\" href=\"https:\/\/www.cvetko-transporte.de\/?page_id=78\">\n\t\t\t\t\t<img loading=\"lazy\" decoding=\"async\" src=\"https:\/\/www.cvetko-transporte.de\/wp-content\/uploads\/2015\/04\/4-360x240.jpg\" width=\"360\" height=\"240\" srcset=\"https:\/\/www.cvetko-transporte.de\/wp-content\/uploads\/2015\/04\/4-360x240.jpg 360w, https:\/\/www.cvetko-transporte.de\/wp-content\/uploads\/2015\/04\/4.jpg 848w\" sizes=\"auto, (min-width: 992px) 360px, calc(100vw - 30px)\" class=\"wp-post-image\" alt=\"Lagerlogistik\">\n\t\t\t\t<\/a>\n\t\t\t\t\t\t\t<div class=\"page-box__content\">\n\t\t\t<h5 class=\"page-box__title text-uppercase\"><a href=\"https:\/\/www.cvetko-transporte.de\/?page_id=78\">Lagerlogistik<\/a><\/h5>\n\t\t\t<p>Es ist entscheidend, dass Ihre Ware schnell, p\u00fcnktlich und zuverl\u00e4ssig beim Kunden ankommt. Dazu brauchen Sie ein Warenlager und eine zeitgem\u00e4\u00dfe Lagerlogistik.\n\nWir sind stolz darauf, mit unseren umfassenden, zuverl\u00e4ssigen und flexiblen &hellip;<\/p>\n\t\t\t\t\t\t\t<p><a href=\"https:\/\/www.cvetko-transporte.de\/?page_id=78\" class=\"read-more  read-more--page-box\">Mehr lesen<\/a><\/p>\n\t\t\t\t\t<\/div>\n\t<\/div>\n\n<\/div><\/div><\/div><\/div>","protected":false},"excerpt":{"rendered":"<p>Transportlogistik Unser LKW-Service basiert auf dem Prinzip, unseren Kunden die Flexibilit\u00e4t und Zuverl\u00e4ssigkeit zu bieten, um legale Ladungen in der Stadt oder im ganzen Land zu bewegen, wann immer sie wollen. Wir sind davon \u00fcberzeugt, unseren Kunden qualitativ &hellip; Mehr lesen Tiefk\u00fchltransport \u00bb Eigene K\u00fchlfahrzeuge (verschiedene Gr\u00f6\u00dfen und Ausstattungen) \u00bb Weitere Verf\u00fcgbarkeiten \u00fcber festen Unternehmerstamm &hellip;<\/p>\n","protected":false},"author":1,"featured_media":0,"parent":0,"menu_order":0,"comment_status":"closed","ping_status":"open","template":"","meta":{"footnotes":""},"class_list":["post-76","page","type-page","status-publish","hentry"],"acf":[],"_links":{"self":[{"href":"https:\/\/www.cvetko-transporte.de\/index.php?rest_route=\/wp\/v2\/pages\/76","targetHints":{"allow":["GET"]}}],"collection":[{"href":"https:\/\/www.cvetko-transporte.de\/index.php?rest_route=\/wp\/v2\/pages"}],"about":[{"href":"https:\/\/www.cvetko-transporte.de\/index.php?rest_route=\/wp\/v2\/types\/page"}],"author":[{"embeddable":true,"href":"https:\/\/www.cvetko-transporte.de\/index.php?rest_route=\/wp\/v2\/users\/1"}],"replies":[{"embeddable":true,"href":"https:\/\/www.cvetko-transporte.de\/index.php?rest_route=%2Fwp%2Fv2%2Fcomments&post=76"}],"version-history":[{"count":45,"href":"https:\/\/www.cvetko-transporte.de\/index.php?rest_route=\/wp\/v2\/pages\/76\/revisions"}],"predecessor-version":[{"id":1887,"href":"https:\/\/www.cvetko-transporte.de\/index.php?rest_route=\/wp\/v2\/pages\/76\/revisions\/1887"}],"wp:attachment":[{"href":"https:\/\/www.cvetko-transporte.de\/index.php?rest_route=%2Fwp%2Fv2%2Fmedia&parent=76"}],"curies":[{"name":"wp","href":"https:\/\/api.w.org\/{rel}","templated":true}]}}