{"id":78,"date":"2015-04-23T11:19:03","date_gmt":"2015-04-23T09:19:03","guid":{"rendered":"https:\/\/xml-io.proteusthemes.com\/cargopress\/?page_id=78"},"modified":"2020-11-19T10:57:17","modified_gmt":"2020-11-19T09:57:17","slug":"storage","status":"publish","type":"page","link":"https:\/\/www.cvetko-transporte.de\/?page_id=78","title":{"rendered":"Lagerlogistik"},"content":{"rendered":"<div id=\"pl-78\"  class=\"panel-layout\" ><div id=\"pg-78-0\"  class=\"panel-grid panel-no-style\" ><div id=\"pgc-78-0-0\"  class=\"panel-grid-cell\" ><div id=\"panel-78-0-0-0\" class=\"so-panel widget widget_black-studio-tinymce widget_black_studio_tinymce panel-first-child panel-last-child\" data-index=\"0\" ><div class=\"textwidget\"><p>Es ist entscheidend, dass Ihre Ware schnell, p\u00fcnktlich und zuverl\u00e4ssig beim Kunden ankommt. Dazu brauchen Sie ein Warenlager und eine zeitgem\u00e4\u00dfe Lagerlogistik.<\/p>\n<p>Wir sind stolz darauf, mit unseren umfassenden, zuverl\u00e4ssigen und flexiblen Lagerservices ein breites Spektrum von Kunden im ganzen Land bedienen zu k\u00f6nnen - Eigenschaften, die f\u00fcr Unternehmen in diesem Markt unerl\u00e4sslich sind. Unsere erfahrenen Experten erstellen ein auf Ihre gesch\u00e4ftlichen und logistischen Anforderungen zugeschnittenes Ablaufdiagramm f\u00fcr die Lieferkette, das nicht nur die Effizienz erh\u00f6ht, sondern auch die Kosten senkt. Dank unseres gro\u00dfen Netzwerks an Lagern und Vertriebszentren im ganzen Land ist es viel einfacher, ein Publikum in Rekordzeit zu erreichen. Dies ist der Schl\u00fcsselfaktor, um die Herzen der Kunden zu gewinnen und sich von den Mitbewerbern abzuheben.<\/p>\n<p>IT-gest\u00fctzte Bestandsf\u00fchrung und Lagerplatzverwaltung unterst\u00fctzen dabei das Bestandsmanagement. Das first in \u2013 first out Konzept sorgt daf\u00fcr, dass Ihre Waren zeitgem\u00e4\u00df ausgeliefert werden und reduziert dabei unn\u00f6tige Lagerbest\u00e4nde.<\/p>\n<p><strong>Waren-Umschlag bzw. Crossdocking<\/strong> ist unser Tagesgesch\u00e4ft.<\/p>\n<p>Dabei werden die Waren vom Hersteller an den Umschlagpunkt geliefert, nach erfolgter\u00a0Kommission, Verpackung werden diese zum Versand an den Endkunden bereitgestellt.<\/p>\n<p>Werden die Waren vom Hersteller versandfertig nach Endkunden vorkommissioniert, werden diese \u00fcber den Umschlag zur Belieferung an die Lieferadresse bereitgestellt.<\/p>\n<ul>\n<li font-size=\"1.7em\">Unsere Innenlager fassen derzeit 20.000 m<sup>2<\/sup><\/li>\n<li>Das Au\u00dfenlager fasst derzeit 10.000 m<sup>2<\/sup><\/li>\n<li>Unsere Schwerlaststapler verf\u00fcgen \u00fcber eine Tragf\u00e4higkeit bis 5 Tonnen.<\/li>\n<\/ul>\n<p><strong>Unsere Serviceleistungen zur Lagerhaltung<\/strong><\/p>\n<ul>\n<li>Beschaffungslogistik (Abholung europaweit mit Wareineingangs- und Qualit\u00e4tskontrolle)<\/li>\n<li>Kommissionierung (qualit\u00e4tsgerechte Lagerung und Warenausgang)<\/li>\n<li>Distribution (Vertrieb der Waren zwischen Produktion und Verwendung)<\/li>\n<\/ul>\n<\/div><\/div><\/div><div id=\"pgc-78-0-1\"  class=\"panel-grid-cell\" ><div id=\"panel-78-0-1-0\" class=\"so-panel widget widget_black-studio-tinymce widget_black_studio_tinymce panel-first-child panel-last-child\" data-index=\"1\" ><div class=\"textwidget\"><p><img loading=\"lazy\" decoding=\"async\" class=\"alignnone wp-image-1560 size-full\" src=\"https:\/\/www.cvetko-transporte.de\/wp-content\/uploads\/2020\/02\/MG_0876-1.jpg\" alt=\"\" width=\"848\" height=\"480\" srcset=\"https:\/\/www.cvetko-transporte.de\/wp-content\/uploads\/2020\/02\/MG_0876-1.jpg 848w, https:\/\/www.cvetko-transporte.de\/wp-content\/uploads\/2020\/02\/MG_0876-1-300x170.jpg 300w, https:\/\/www.cvetko-transporte.de\/wp-content\/uploads\/2020\/02\/MG_0876-1-768x435.jpg 768w, https:\/\/www.cvetko-transporte.de\/wp-content\/uploads\/2020\/02\/MG_0876-1-360x204.jpg 360w\" sizes=\"auto, (max-width: 848px) 100vw, 848px\" \/><\/p>\n<p><img loading=\"lazy\" decoding=\"async\" class=\"alignnone wp-image-1561 size-full\" src=\"https:\/\/www.cvetko-transporte.de\/wp-content\/uploads\/2020\/02\/MG_0882-1.jpg\" alt=\"\" width=\"848\" height=\"480\" srcset=\"https:\/\/www.cvetko-transporte.de\/wp-content\/uploads\/2020\/02\/MG_0882-1.jpg 848w, https:\/\/www.cvetko-transporte.de\/wp-content\/uploads\/2020\/02\/MG_0882-1-300x170.jpg 300w, https:\/\/www.cvetko-transporte.de\/wp-content\/uploads\/2020\/02\/MG_0882-1-768x435.jpg 768w, https:\/\/www.cvetko-transporte.de\/wp-content\/uploads\/2020\/02\/MG_0882-1-360x204.jpg 360w\" sizes=\"auto, (max-width: 848px) 100vw, 848px\" \/><\/p>\n<\/div><\/div><\/div><\/div><div id=\"pg-78-1\"  class=\"panel-grid panel-no-style\" ><div id=\"pgc-78-1-0\"  class=\"panel-grid-cell\" ><div id=\"panel-78-1-0-0\" class=\"so-panel widget widget_black-studio-tinymce widget_black_studio_tinymce panel-first-child panel-last-child\" data-index=\"2\" ><div class=\"textwidget\"><p>Weiter Bilder unserer Lagerkapazit\u00e4t:<\/p>\n<\/div><\/div><\/div><div id=\"pgc-78-1-1\"  class=\"panel-grid-cell\" ><div id=\"panel-78-1-1-0\" class=\"so-panel widget widget_media_gallery panel-first-child panel-last-child\" data-index=\"3\" ><div id='gallery-1' class='gallery galleryid-78 gallery-columns-3 gallery-size-thumbnail'><figure class='gallery-item'>\n\t\t\t<div class='gallery-icon landscape'>\n\t\t\t\t<a href='https:\/\/www.cvetko-transporte.de\/?attachment_id=1867'><img loading=\"lazy\" decoding=\"async\" width=\"150\" height=\"150\" src=\"https:\/\/www.cvetko-transporte.de\/wp-content\/uploads\/2020\/11\/01-150x150.jpg\" class=\"attachment-thumbnail size-thumbnail\" alt=\"\" \/><\/a>\n\t\t\t<\/div><\/figure><figure class='gallery-item'>\n\t\t\t<div class='gallery-icon portrait'>\n\t\t\t\t<a href='https:\/\/www.cvetko-transporte.de\/?attachment_id=1868'><img loading=\"lazy\" decoding=\"async\" width=\"150\" height=\"150\" src=\"https:\/\/www.cvetko-transporte.de\/wp-content\/uploads\/2020\/11\/02-150x150.jpg\" class=\"attachment-thumbnail size-thumbnail\" alt=\"\" \/><\/a>\n\t\t\t<\/div><\/figure><figure class='gallery-item'>\n\t\t\t<div class='gallery-icon landscape'>\n\t\t\t\t<a href='https:\/\/www.cvetko-transporte.de\/?attachment_id=1869'><img loading=\"lazy\" decoding=\"async\" width=\"150\" height=\"150\" src=\"https:\/\/www.cvetko-transporte.de\/wp-content\/uploads\/2020\/11\/03-150x150.jpg\" class=\"attachment-thumbnail size-thumbnail\" alt=\"\" \/><\/a>\n\t\t\t<\/div><\/figure><figure class='gallery-item'>\n\t\t\t<div class='gallery-icon portrait'>\n\t\t\t\t<a href='https:\/\/www.cvetko-transporte.de\/?attachment_id=1870'><img loading=\"lazy\" decoding=\"async\" width=\"150\" height=\"150\" src=\"https:\/\/www.cvetko-transporte.de\/wp-content\/uploads\/2020\/11\/04-150x150.jpg\" class=\"attachment-thumbnail size-thumbnail\" alt=\"\" \/><\/a>\n\t\t\t<\/div><\/figure><figure class='gallery-item'>\n\t\t\t<div class='gallery-icon portrait'>\n\t\t\t\t<a href='https:\/\/www.cvetko-transporte.de\/?attachment_id=1871'><img loading=\"lazy\" decoding=\"async\" width=\"150\" height=\"150\" src=\"https:\/\/www.cvetko-transporte.de\/wp-content\/uploads\/2020\/11\/05-150x150.jpg\" class=\"attachment-thumbnail size-thumbnail\" alt=\"\" \/><\/a>\n\t\t\t<\/div><\/figure><figure class='gallery-item'>\n\t\t\t<div class='gallery-icon portrait'>\n\t\t\t\t<a href='https:\/\/www.cvetko-transporte.de\/?attachment_id=1872'><img loading=\"lazy\" decoding=\"async\" width=\"150\" height=\"150\" src=\"https:\/\/www.cvetko-transporte.de\/wp-content\/uploads\/2020\/11\/06-150x150.jpg\" class=\"attachment-thumbnail size-thumbnail\" alt=\"\" \/><\/a>\n\t\t\t<\/div><\/figure><figure class='gallery-item'>\n\t\t\t<div class='gallery-icon portrait'>\n\t\t\t\t<a href='https:\/\/www.cvetko-transporte.de\/?attachment_id=1873'><img loading=\"lazy\" decoding=\"async\" width=\"150\" height=\"150\" src=\"https:\/\/www.cvetko-transporte.de\/wp-content\/uploads\/2020\/11\/07-150x150.jpg\" class=\"attachment-thumbnail size-thumbnail\" alt=\"\" \/><\/a>\n\t\t\t<\/div><\/figure><figure class='gallery-item'>\n\t\t\t<div class='gallery-icon landscape'>\n\t\t\t\t<a href='https:\/\/www.cvetko-transporte.de\/?attachment_id=1874'><img loading=\"lazy\" decoding=\"async\" width=\"150\" height=\"150\" src=\"https:\/\/www.cvetko-transporte.de\/wp-content\/uploads\/2020\/11\/MG_0882-1-150x150.jpg\" class=\"attachment-thumbnail size-thumbnail\" alt=\"\" \/><\/a>\n\t\t\t<\/div><\/figure><figure class='gallery-item'>\n\t\t\t<div class='gallery-icon landscape'>\n\t\t\t\t<a href='https:\/\/www.cvetko-transporte.de\/?attachment_id=1875'><img loading=\"lazy\" decoding=\"async\" width=\"150\" height=\"150\" src=\"https:\/\/www.cvetko-transporte.de\/wp-content\/uploads\/2020\/11\/YUN00031-scaled-1-150x150.jpg\" class=\"attachment-thumbnail size-thumbnail\" alt=\"\" \/><\/a>\n\t\t\t<\/div><\/figure>\n\t\t<\/div>\n<\/div><\/div><\/div><\/div>","protected":false},"excerpt":{"rendered":"<p>Es ist entscheidend, dass Ihre Ware schnell, p\u00fcnktlich und zuverl\u00e4ssig beim Kunden ankommt. Dazu brauchen Sie ein Warenlager und eine zeitgem\u00e4\u00dfe Lagerlogistik. Wir sind stolz darauf, mit unseren umfassenden, zuverl\u00e4ssigen und flexiblen Lagerservices ein breites Spektrum von Kunden im ganzen Land bedienen zu k\u00f6nnen &#8211; Eigenschaften, die f\u00fcr Unternehmen in diesem Markt unerl\u00e4sslich sind. Unsere &hellip;<\/p>\n","protected":false},"author":1,"featured_media":34,"parent":76,"menu_order":0,"comment_status":"closed","ping_status":"closed","template":"","meta":{"footnotes":""},"class_list":["post-78","page","type-page","status-publish","has-post-thumbnail","hentry"],"acf":[],"_links":{"self":[{"href":"https:\/\/www.cvetko-transporte.de\/index.php?rest_route=\/wp\/v2\/pages\/78","targetHints":{"allow":["GET"]}}],"collection":[{"href":"https:\/\/www.cvetko-transporte.de\/index.php?rest_route=\/wp\/v2\/pages"}],"about":[{"href":"https:\/\/www.cvetko-transporte.de\/index.php?rest_route=\/wp\/v2\/types\/page"}],"author":[{"embeddable":true,"href":"https:\/\/www.cvetko-transporte.de\/index.php?rest_route=\/wp\/v2\/users\/1"}],"replies":[{"embeddable":true,"href":"https:\/\/www.cvetko-transporte.de\/index.php?rest_route=%2Fwp%2Fv2%2Fcomments&post=78"}],"version-history":[{"count":38,"href":"https:\/\/www.cvetko-transporte.de\/index.php?rest_route=\/wp\/v2\/pages\/78\/revisions"}],"predecessor-version":[{"id":1940,"href":"https:\/\/www.cvetko-transporte.de\/index.php?rest_route=\/wp\/v2\/pages\/78\/revisions\/1940"}],"up":[{"embeddable":true,"href":"https:\/\/www.cvetko-transporte.de\/index.php?rest_route=\/wp\/v2\/pages\/76"}],"wp:featuredmedia":[{"embeddable":true,"href":"https:\/\/www.cvetko-transporte.de\/index.php?rest_route=\/wp\/v2\/media\/34"}],"wp:attachment":[{"href":"https:\/\/www.cvetko-transporte.de\/index.php?rest_route=%2Fwp%2Fv2%2Fmedia&parent=78"}],"curies":[{"name":"wp","href":"https:\/\/api.w.org\/{rel}","templated":true}]}}