{"id":95,"date":"2015-04-23T12:32:53","date_gmt":"2015-04-23T10:32:53","guid":{"rendered":"https:\/\/xml-io.proteusthemes.com\/cargopress\/?page_id=95"},"modified":"2020-11-19T15:53:55","modified_gmt":"2020-11-19T14:53:55","slug":"logistic-service","status":"publish","type":"page","link":"https:\/\/www.cvetko-transporte.de\/?page_id=95","title":{"rendered":"Tiefk\u00fchltransport"},"content":{"rendered":"<div id=\"pl-95\"  class=\"panel-layout\" ><div id=\"pg-95-0\"  class=\"panel-grid panel-no-style\" ><div id=\"pgc-95-0-0\"  class=\"panel-grid-cell\" ><div id=\"panel-95-0-0-0\" class=\"so-panel widget widget_black-studio-tinymce widget_black_studio_tinymce panel-first-child panel-last-child\" data-index=\"0\" ><div class=\"textwidget\"><div class=\"wpb_text_column wpb_content_element \">\n<div class=\"wpb_wrapper\">\n<p>\u00bb Eigene K\u00fchlfahrzeuge (verschiedene Gr\u00f6\u00dfen und Ausstattungen)<\/p>\n<p>\u00bb Weitere Verf\u00fcgbarkeiten \u00fcber festen Unternehmerstamm aus dem Verbund<\/p>\n<p>\u00bb\u00a0Just-in-time-Belieferung<\/p><\/div>\n<\/div>\n<\/div><\/div><\/div><div id=\"pgc-95-0-1\"  class=\"panel-grid-cell\" ><div id=\"panel-95-0-1-0\" class=\"so-panel widget widget_black-studio-tinymce widget_black_studio_tinymce panel-first-child panel-last-child\" data-index=\"1\" ><div class=\"textwidget\"><p><img loading=\"lazy\" decoding=\"async\" class=\"alignright wp-image-1892\" src=\"https:\/\/www.cvetko-transporte.de\/wp-content\/uploads\/2020\/11\/01-1-300x288.jpg\" alt=\"\" width=\"428\" height=\"411\" srcset=\"https:\/\/www.cvetko-transporte.de\/wp-content\/uploads\/2020\/11\/01-1-300x288.jpg 300w, https:\/\/www.cvetko-transporte.de\/wp-content\/uploads\/2020\/11\/01-1.jpg 768w\" sizes=\"auto, (max-width: 428px) 100vw, 428px\" \/><\/p>\n<p>&nbsp;<\/p>\n<\/div><\/div><\/div><\/div><\/div>","protected":false},"excerpt":{"rendered":"<p>\u00bb Eigene K\u00fchlfahrzeuge (verschiedene Gr\u00f6\u00dfen und Ausstattungen) \u00bb Weitere Verf\u00fcgbarkeiten \u00fcber festen Unternehmerstamm aus dem Verbund \u00bb\u00a0Just-in-time-Belieferung &nbsp;<\/p>\n","protected":false},"author":1,"featured_media":60,"parent":76,"menu_order":0,"comment_status":"closed","ping_status":"closed","template":"","meta":{"footnotes":""},"class_list":["post-95","page","type-page","status-publish","has-post-thumbnail","hentry"],"acf":[],"_links":{"self":[{"href":"https:\/\/www.cvetko-transporte.de\/index.php?rest_route=\/wp\/v2\/pages\/95","targetHints":{"allow":["GET"]}}],"collection":[{"href":"https:\/\/www.cvetko-transporte.de\/index.php?rest_route=\/wp\/v2\/pages"}],"about":[{"href":"https:\/\/www.cvetko-transporte.de\/index.php?rest_route=\/wp\/v2\/types\/page"}],"author":[{"embeddable":true,"href":"https:\/\/www.cvetko-transporte.de\/index.php?rest_route=\/wp\/v2\/users\/1"}],"replies":[{"embeddable":true,"href":"https:\/\/www.cvetko-transporte.de\/index.php?rest_route=%2Fwp%2Fv2%2Fcomments&post=95"}],"version-history":[{"count":16,"href":"https:\/\/www.cvetko-transporte.de\/index.php?rest_route=\/wp\/v2\/pages\/95\/revisions"}],"predecessor-version":[{"id":1944,"href":"https:\/\/www.cvetko-transporte.de\/index.php?rest_route=\/wp\/v2\/pages\/95\/revisions\/1944"}],"up":[{"embeddable":true,"href":"https:\/\/www.cvetko-transporte.de\/index.php?rest_route=\/wp\/v2\/pages\/76"}],"wp:featuredmedia":[{"embeddable":true,"href":"https:\/\/www.cvetko-transporte.de\/index.php?rest_route=\/wp\/v2\/media\/60"}],"wp:attachment":[{"href":"https:\/\/www.cvetko-transporte.de\/index.php?rest_route=%2Fwp%2Fv2%2Fmedia&parent=95"}],"curies":[{"name":"wp","href":"https:\/\/api.w.org\/{rel}","templated":true}]}}