{"id":99,"date":"2015-04-23T12:38:18","date_gmt":"2015-04-23T10:38:18","guid":{"rendered":"https:\/\/xml-io.proteusthemes.com\/cargopress\/?page_id=99"},"modified":"2020-11-19T15:54:40","modified_gmt":"2020-11-19T14:54:40","slug":"cargo","status":"publish","type":"page","link":"https:\/\/www.cvetko-transporte.de\/?page_id=99","title":{"rendered":"Transportlogistik"},"content":{"rendered":"<div id=\"pl-99\"  class=\"panel-layout\" ><div id=\"pg-99-0\"  class=\"panel-grid panel-no-style\" ><div id=\"pgc-99-0-0\"  class=\"panel-grid-cell\" ><div id=\"panel-99-0-0-0\" class=\"so-panel widget widget_black-studio-tinymce widget_black_studio_tinymce panel-first-child panel-last-child\" data-index=\"0\" ><div class=\"textwidget\"><p>Unser LKW-Service basiert auf dem Prinzip, unseren Kunden die Flexibilit\u00e4t und Zuverl\u00e4ssigkeit zu bieten, um legale Ladungen in der Stadt oder im ganzen Land zu bewegen, wann immer sie wollen. Wir sind davon \u00fcberzeugt, unseren Kunden qualitativ hochwertige Dienstleistungen zu bieten. Dank unserer jahrzehntelangen Erfahrung auf dem Gebiet der Logistik k\u00f6nnen wir bei der Abfertigung Ihrer Fracht nichts \u00fcbersehen. Von der Verladung bis zur Entladung am Bestimmungsort und unter Einhaltung h\u00f6chster Sicherheitsstandards w\u00e4hrend des Transports gehen wir kein Risiko ein. Selbst wenn die Ladung \u00fcbergro\u00df oder \u00fcberdimensional ist, k\u00fcmmern sich unsere Logistiker und Techniker stets um die kleinsten Details, um die Sicherheit der Lieferung am Bestimmungsort und p\u00fcnktlich zu gew\u00e4hrleisten.<\/p>\n<p>Wir stellen sicher, dass unsere LKW-Flotte immer gut gewartet wird und die beste und modernste LKW-Flotte im Einsatz ist, um sicherzustellen, dass sie in der Lage ist, hochwertige und \u00fcberdimensionierte Lieferungen effizient und effektiv zu liefern, ohne Verluste zu verursachen Dies ist in der Regel bei vielen ausgelagerten LKW-Dienstleistern der Fall. Unser hauseigenes Team aus erfahrenen Fahrern, Logistikexperten, Reparatur- und Wartungstechnikern ist rund um die Uhr vor Ort, um sicherzustellen, dass die LKWs p\u00fcnktlich und in optimalem Zustand f\u00fcr Ihre Lieferungen bereitstehen.<\/p>\n<\/div><\/div><\/div><div id=\"pgc-99-0-1\"  class=\"panel-grid-cell\" ><div id=\"panel-99-0-1-0\" class=\"so-panel widget widget_black-studio-tinymce widget_black_studio_tinymce panel-first-child panel-last-child\" data-index=\"1\" ><div class=\"textwidget\"><p><img loading=\"lazy\" decoding=\"async\" class=\"alignnone wp-image-750 size-full\" src=\"https:\/\/www.cvetko-transporte.de\/wp-content\/uploads\/2019\/11\/MG_0830-Bearbeitet.jpg\" alt=\"\" width=\"5184\" height=\"3456\" srcset=\"https:\/\/www.cvetko-transporte.de\/wp-content\/uploads\/2019\/11\/MG_0830-Bearbeitet.jpg 5184w, https:\/\/www.cvetko-transporte.de\/wp-content\/uploads\/2019\/11\/MG_0830-Bearbeitet-300x200.jpg 300w, https:\/\/www.cvetko-transporte.de\/wp-content\/uploads\/2019\/11\/MG_0830-Bearbeitet-768x512.jpg 768w, https:\/\/www.cvetko-transporte.de\/wp-content\/uploads\/2019\/11\/MG_0830-Bearbeitet-1024x683.jpg 1024w, https:\/\/www.cvetko-transporte.de\/wp-content\/uploads\/2019\/11\/MG_0830-Bearbeitet-360x240.jpg 360w, https:\/\/www.cvetko-transporte.de\/wp-content\/uploads\/2019\/11\/MG_0830-Bearbeitet-600x400.jpg 600w\" sizes=\"auto, (max-width: 5184px) 100vw, 5184px\" \/><\/p>\n<p><img loading=\"lazy\" decoding=\"async\" class=\"alignnone wp-image-1733 size-full\" src=\"https:\/\/www.cvetko-transporte.de\/wp-content\/uploads\/2020\/02\/YUN00028-1-scaled.jpg\" alt=\"\" width=\"2560\" height=\"1440\" srcset=\"https:\/\/www.cvetko-transporte.de\/wp-content\/uploads\/2020\/02\/YUN00028-1-scaled.jpg 2560w, https:\/\/www.cvetko-transporte.de\/wp-content\/uploads\/2020\/02\/YUN00028-1-300x169.jpg 300w, https:\/\/www.cvetko-transporte.de\/wp-content\/uploads\/2020\/02\/YUN00028-1-1024x576.jpg 1024w, https:\/\/www.cvetko-transporte.de\/wp-content\/uploads\/2020\/02\/YUN00028-1-768x432.jpg 768w, https:\/\/www.cvetko-transporte.de\/wp-content\/uploads\/2020\/02\/YUN00028-1-1536x864.jpg 1536w, https:\/\/www.cvetko-transporte.de\/wp-content\/uploads\/2020\/02\/YUN00028-1-2048x1152.jpg 2048w, https:\/\/www.cvetko-transporte.de\/wp-content\/uploads\/2020\/02\/YUN00028-1-360x204.jpg 360w\" sizes=\"auto, (max-width: 2560px) 100vw, 2560px\" \/><\/p>\n<\/div><\/div><\/div><\/div><div id=\"pg-99-1\"  class=\"panel-grid panel-no-style\" ><div id=\"pgc-99-1-0\"  class=\"panel-grid-cell\" ><div id=\"panel-99-1-0-0\" class=\"so-panel widget widget_black-studio-tinymce widget_black_studio_tinymce panel-first-child panel-last-child\" data-index=\"2\" ><div class=\"textwidget\"><p>Unsere Flotte bestehend aus:<\/p>\n<ul>\n<li>25 Sattelzugmaschinen nach neuestem Standard<\/li>\n<li>15 Planen Tautliner mit Code XL und Bordw\u00e4nden, jeder mit 34 Europaletten Stellpl\u00e4tzen<\/li>\n<li>10 K\u00fchl-Thermo Auflieger mit Rohrbahnen f\u00fcr h\u00e4ngende Ware wie Frischfleisch, jeder mit 33 Europaletten Stellpl\u00e4tzen Und Temperatur M\u00f6glichkeiten von -28 Grad bis zu + 28 Grad<\/li>\n<li>10 Koffer Auflieger, jeder mit 33 Europaletten Stellpl\u00e4tzen<\/li>\n<li>5 Coil Mulden Auflieger f\u00fcr die Stahlindustrie<\/li>\n<\/ul>\n<\/div><\/div><\/div><div id=\"pgc-99-1-1\"  class=\"panel-grid-cell\" ><div id=\"panel-99-1-1-0\" class=\"so-panel widget widget_media_gallery panel-first-child panel-last-child\" data-index=\"3\" ><div id='gallery-1' class='gallery galleryid-99 gallery-columns-3 gallery-size-thumbnail'><figure class='gallery-item'>\n\t\t\t<div class='gallery-icon portrait'>\n\t\t\t\t<a href='https:\/\/www.cvetko-transporte.de\/?attachment_id=1853'><img loading=\"lazy\" decoding=\"async\" width=\"150\" height=\"150\" src=\"https:\/\/www.cvetko-transporte.de\/wp-content\/uploads\/2020\/11\/08-150x150.jpg\" class=\"attachment-thumbnail size-thumbnail\" alt=\"\" \/><\/a>\n\t\t\t<\/div><\/figure><figure class='gallery-item'>\n\t\t\t<div class='gallery-icon portrait'>\n\t\t\t\t<a href='https:\/\/www.cvetko-transporte.de\/?attachment_id=1854'><img loading=\"lazy\" decoding=\"async\" width=\"150\" height=\"150\" src=\"https:\/\/www.cvetko-transporte.de\/wp-content\/uploads\/2020\/11\/09-150x150.jpg\" class=\"attachment-thumbnail size-thumbnail\" alt=\"\" \/><\/a>\n\t\t\t<\/div><\/figure><figure class='gallery-item'>\n\t\t\t<div class='gallery-icon portrait'>\n\t\t\t\t<a href='https:\/\/www.cvetko-transporte.de\/?attachment_id=1855'><img loading=\"lazy\" decoding=\"async\" width=\"150\" height=\"150\" src=\"https:\/\/www.cvetko-transporte.de\/wp-content\/uploads\/2020\/11\/MG_0715-Bearbeitet-scaled-1-150x150.jpg\" class=\"attachment-thumbnail size-thumbnail\" alt=\"\" \/><\/a>\n\t\t\t<\/div><\/figure><figure class='gallery-item'>\n\t\t\t<div class='gallery-icon landscape'>\n\t\t\t\t<a href='https:\/\/www.cvetko-transporte.de\/?attachment_id=1856'><img loading=\"lazy\" decoding=\"async\" width=\"150\" height=\"150\" src=\"https:\/\/www.cvetko-transporte.de\/wp-content\/uploads\/2020\/11\/MG_0720-150x150.jpg\" class=\"attachment-thumbnail size-thumbnail\" alt=\"\" \/><\/a>\n\t\t\t<\/div><\/figure><figure class='gallery-item'>\n\t\t\t<div class='gallery-icon portrait'>\n\t\t\t\t<a href='https:\/\/www.cvetko-transporte.de\/?attachment_id=1857'><img loading=\"lazy\" decoding=\"async\" width=\"150\" height=\"150\" src=\"https:\/\/www.cvetko-transporte.de\/wp-content\/uploads\/2020\/11\/MG_0729-150x150.jpg\" class=\"attachment-thumbnail size-thumbnail\" alt=\"\" \/><\/a>\n\t\t\t<\/div><\/figure><figure class='gallery-item'>\n\t\t\t<div class='gallery-icon landscape'>\n\t\t\t\t<a href='https:\/\/www.cvetko-transporte.de\/?attachment_id=1858'><img loading=\"lazy\" decoding=\"async\" width=\"150\" height=\"150\" src=\"https:\/\/www.cvetko-transporte.de\/wp-content\/uploads\/2020\/11\/MG_0816-150x150.jpg\" class=\"attachment-thumbnail size-thumbnail\" alt=\"\" \/><\/a>\n\t\t\t<\/div><\/figure><figure class='gallery-item'>\n\t\t\t<div class='gallery-icon landscape'>\n\t\t\t\t<a href='https:\/\/www.cvetko-transporte.de\/?attachment_id=1859'><img loading=\"lazy\" decoding=\"async\" width=\"150\" height=\"150\" src=\"https:\/\/www.cvetko-transporte.de\/wp-content\/uploads\/2020\/11\/MG_0832-150x150.jpg\" class=\"attachment-thumbnail size-thumbnail\" alt=\"\" \/><\/a>\n\t\t\t<\/div><\/figure><figure class='gallery-item'>\n\t\t\t<div class='gallery-icon portrait'>\n\t\t\t\t<a href='https:\/\/www.cvetko-transporte.de\/?attachment_id=1860'><img loading=\"lazy\" decoding=\"async\" width=\"150\" height=\"150\" src=\"https:\/\/www.cvetko-transporte.de\/wp-content\/uploads\/2020\/11\/MG_0842-150x150.jpg\" class=\"attachment-thumbnail size-thumbnail\" alt=\"\" \/><\/a>\n\t\t\t<\/div><\/figure><figure class='gallery-item'>\n\t\t\t<div class='gallery-icon portrait'>\n\t\t\t\t<a href='https:\/\/www.cvetko-transporte.de\/?attachment_id=1861'><img loading=\"lazy\" decoding=\"async\" width=\"150\" height=\"150\" src=\"https:\/\/www.cvetko-transporte.de\/wp-content\/uploads\/2020\/11\/MG_0864-150x150.jpg\" class=\"attachment-thumbnail size-thumbnail\" alt=\"\" \/><\/a>\n\t\t\t<\/div><\/figure>\n\t\t<\/div>\n<\/div><\/div><\/div><\/div>","protected":false},"excerpt":{"rendered":"<p>Unser LKW-Service basiert auf dem Prinzip, unseren Kunden die Flexibilit\u00e4t und Zuverl\u00e4ssigkeit zu bieten, um legale Ladungen in der Stadt oder im ganzen Land zu bewegen, wann immer sie wollen. Wir sind davon \u00fcberzeugt, unseren Kunden qualitativ hochwertige Dienstleistungen zu bieten. Dank unserer jahrzehntelangen Erfahrung auf dem Gebiet der Logistik k\u00f6nnen wir bei der Abfertigung &hellip;<\/p>\n","protected":false},"author":1,"featured_media":62,"parent":76,"menu_order":0,"comment_status":"closed","ping_status":"closed","template":"","meta":{"footnotes":""},"class_list":["post-99","page","type-page","status-publish","has-post-thumbnail","hentry"],"acf":[],"_links":{"self":[{"href":"https:\/\/www.cvetko-transporte.de\/index.php?rest_route=\/wp\/v2\/pages\/99","targetHints":{"allow":["GET"]}}],"collection":[{"href":"https:\/\/www.cvetko-transporte.de\/index.php?rest_route=\/wp\/v2\/pages"}],"about":[{"href":"https:\/\/www.cvetko-transporte.de\/index.php?rest_route=\/wp\/v2\/types\/page"}],"author":[{"embeddable":true,"href":"https:\/\/www.cvetko-transporte.de\/index.php?rest_route=\/wp\/v2\/users\/1"}],"replies":[{"embeddable":true,"href":"https:\/\/www.cvetko-transporte.de\/index.php?rest_route=%2Fwp%2Fv2%2Fcomments&post=99"}],"version-history":[{"count":16,"href":"https:\/\/www.cvetko-transporte.de\/index.php?rest_route=\/wp\/v2\/pages\/99\/revisions"}],"predecessor-version":[{"id":1946,"href":"https:\/\/www.cvetko-transporte.de\/index.php?rest_route=\/wp\/v2\/pages\/99\/revisions\/1946"}],"up":[{"embeddable":true,"href":"https:\/\/www.cvetko-transporte.de\/index.php?rest_route=\/wp\/v2\/pages\/76"}],"wp:featuredmedia":[{"embeddable":true,"href":"https:\/\/www.cvetko-transporte.de\/index.php?rest_route=\/wp\/v2\/media\/62"}],"wp:attachment":[{"href":"https:\/\/www.cvetko-transporte.de\/index.php?rest_route=%2Fwp%2Fv2%2Fmedia&parent=99"}],"curies":[{"name":"wp","href":"https:\/\/api.w.org\/{rel}","templated":true}]}}